{"id":7294,"date":"2024-07-15T14:21:09","date_gmt":"2024-07-15T12:21:09","guid":{"rendered":"https:\/\/chateaudelanargol.fr\/?page_id=7294"},"modified":"2024-09-23T14:50:04","modified_gmt":"2024-09-23T12:50:04","slug":"reservation","status":"publish","type":"page","link":"https:\/\/chateaudelarnagol.fr\/en\/booking\/","title":{"rendered":"Reservation"},"content":{"rendered":"<div data-elementor-type=\"wp-page\" data-elementor-id=\"7294\" class=\"elementor elementor-7294\" data-elementor-post-type=\"page\">\n\t\t\t\t\t\t<section class=\"elementor-section elementor-top-section elementor-element elementor-element-f3be93c elementor-section-stretched elementor-section-content-middle elementor-section-boxed elementor-section-height-default elementor-section-height-default\" data-id=\"f3be93c\" data-element_type=\"section\" data-settings=\"{&quot;stretch_section&quot;:&quot;section-stretched&quot;,&quot;background_background&quot;:&quot;classic&quot;}\">\n\t\t\t\t\t\t\t<div class=\"elementor-background-overlay\"><\/div>\n\t\t\t\t\t\t\t<div class=\"elementor-container elementor-column-gap-default\">\n\t\t\t\t\t<div class=\"elementor-column elementor-col-100 elementor-top-column elementor-element elementor-element-c50f8ac\" data-id=\"c50f8ac\" data-element_type=\"column\">\n\t\t\t<div class=\"elementor-widget-wrap elementor-element-populated\">\n\t\t\t\t\t\t<div class=\"elementor-element elementor-element-2b2bce58 elementor-widget elementor-widget-heading\" data-id=\"2b2bce58\" data-element_type=\"widget\" data-widget_type=\"heading.default\">\n\t\t\t\t<div class=\"elementor-widget-container\">\n\t\t\t<style>\/*! elementor - v3.23.0 - 05-08-2024 *\/\n.elementor-heading-title{padding:0;margin:0;line-height:1}.elementor-widget-heading .elementor-heading-title[class*=elementor-size-]>a{color:inherit;font-size:inherit;line-height:inherit}.elementor-widget-heading .elementor-heading-title.elementor-size-small{font-size:15px}.elementor-widget-heading .elementor-heading-title.elementor-size-medium{font-size:19px}.elementor-widget-heading .elementor-heading-title.elementor-size-large{font-size:29px}.elementor-widget-heading .elementor-heading-title.elementor-size-xl{font-size:39px}.elementor-widget-heading .elementor-heading-title.elementor-size-xxl{font-size:59px}<\/style><h1 class=\"elementor-heading-title elementor-size-default\">Reservation<\/h1>\t\t<\/div>\n\t\t\t\t<\/div>\n\t\t\t\t\t<\/div>\n\t\t<\/div>\n\t\t\t\t\t<\/div>\n\t\t<\/section>\n\t\t<div class=\"elementor-element elementor-element-c167b25 e-flex e-con-boxed e-con e-parent\" data-id=\"c167b25\" data-element_type=\"container\">\n\t\t\t\t\t<div class=\"e-con-inner\">\n\t\t\t\t<div class=\"elementor-element elementor-element-e44bcf6 elementor-widget elementor-widget-html\" data-id=\"e44bcf6\" data-element_type=\"widget\" data-widget_type=\"html.default\">\n\t\t\t\t<div class=\"elementor-widget-container\">\n\t\t\t<div id=\"ConstellationWidgetContaineree29ef31-f187-435b-bc0f-98e8bb9cc37b\" style=\"width:100%\" title=\"Larnagol Castle\" data-id-projet='ee29ef31f187435bbc0f98e8bb9cc37b'>Loading in progress...<\/div> <script type=\"text\/javascript\" src=\"https:\/\/reservation.elloha.com\/Scripts\/widget-loader.min.js?v=42\"><\/script> <script type=\"text\/javascript\">var constellationWidgetUrlee29ef31f187435bbc0f98e8bb9cc37b, constellationTypeModuleee29ef31f187435bbc0f98e8bb9cc37b; constellationWidgetUrlee29ef31f187435bbc0f98e8bb9cc37b = 'https:\/\/reservation.elloha.com\/Widget\/BookingEngine\/ee29ef31-f187-435b-bc0f-98e8bb9cc37b?idoi=aca84a06-2d92-4422-828b-09a8867b0b46&culture=fr-FR'; constellationTypeModuleee29ef31f187435bbc0f98e8bb9cc37b=1; constellationWidgetLoad('ConstellationWidgetContaineree29ef31-f187-435b-bc0f-98e8bb9cc37b'); constellationWidgetAddEvent(window, \"resize\", function () { constellationWidgetSetAppearance('ConstellationWidgetContaineree29ef31-f187-435b-bc0f-98e8bb9cc37b'); });<\/script>\n\t\t<\/div>\n\t\t\t\t<\/div>\n\t\t\t\t\t<\/div>\n\t\t\t\t<\/div>\n\t\t\t\t<\/div>","protected":false},"excerpt":{"rendered":"<p>Reservation Loading in progress...<\/p>","protected":false},"author":1,"featured_media":0,"parent":0,"menu_order":0,"comment_status":"closed","ping_status":"closed","template":"","meta":{"footnotes":""},"class_list":["post-7294","page","type-page","status-publish","hentry"],"yoast_head":"<!-- This site is optimized with the Yoast SEO plugin v23.0 - https:\/\/yoast.com\/wordpress\/plugins\/seo\/ -->\n<title>R\u00e9servation - Ch\u00e2teau de Larnagol |\u00a0Chambres d&#039;H\u00f4tes<\/title>\n<meta name=\"description\" content=\"R\u00e9servation en direct meilleur tarif Ch\u00e2teau de Larnagol, historique class\u00e9 pr\u00e8s de Saint-Cirq-Lapopie.\" \/>\n<meta name=\"robots\" content=\"index, follow, max-snippet:-1, max-image-preview:large, max-video-preview:-1\" \/>\n<link rel=\"canonical\" href=\"https:\/\/chateaudelarnagol.fr\/en\/booking\/\" \/>\n<meta property=\"og:locale\" content=\"en_GB\" \/>\n<meta property=\"og:type\" content=\"article\" \/>\n<meta property=\"og:title\" content=\"R\u00e9servation - Ch\u00e2teau de Larnagol |\u00a0Chambres d&#039;H\u00f4tes\" \/>\n<meta property=\"og:description\" content=\"R\u00e9servation en direct meilleur tarif Ch\u00e2teau de Larnagol, historique class\u00e9 pr\u00e8s de Saint-Cirq-Lapopie.\" \/>\n<meta property=\"og:url\" content=\"https:\/\/chateaudelarnagol.fr\/en\/booking\/\" \/>\n<meta property=\"og:site_name\" content=\"Ch\u00e2teau de Larnagol |\u00a0Chambres d&#039;H\u00f4tes\" \/>\n<meta property=\"article:modified_time\" content=\"2024-09-23T12:50:04+00:00\" \/>\n<meta name=\"twitter:card\" content=\"summary_large_image\" \/>\n<meta name=\"twitter:label1\" content=\"Estimated reading time\" \/>\n\t<meta name=\"twitter:data1\" content=\"3 minutes\" \/>\n<script type=\"application\/ld+json\" class=\"yoast-schema-graph\">{\"@context\":\"https:\/\/schema.org\",\"@graph\":[{\"@type\":\"WebPage\",\"@id\":\"https:\/\/chateaudelarnagol.fr\/reservation\/\",\"url\":\"https:\/\/chateaudelarnagol.fr\/reservation\/\",\"name\":\"R\u00e9servation - Ch\u00e2teau de Larnagol |\u00a0Chambres d&#039;H\u00f4tes\",\"isPartOf\":{\"@id\":\"https:\/\/chateaudelarnagol.fr\/#website\"},\"datePublished\":\"2024-07-15T12:21:09+00:00\",\"dateModified\":\"2024-09-23T12:50:04+00:00\",\"description\":\"R\u00e9servation en direct meilleur tarif Ch\u00e2teau de Larnagol, historique class\u00e9 pr\u00e8s de Saint-Cirq-Lapopie.\",\"breadcrumb\":{\"@id\":\"https:\/\/chateaudelarnagol.fr\/reservation\/#breadcrumb\"},\"inLanguage\":\"en-GB\",\"potentialAction\":[{\"@type\":\"ReadAction\",\"target\":[\"https:\/\/chateaudelarnagol.fr\/reservation\/\"]}]},{\"@type\":\"BreadcrumbList\",\"@id\":\"https:\/\/chateaudelarnagol.fr\/reservation\/#breadcrumb\",\"itemListElement\":[{\"@type\":\"ListItem\",\"position\":1,\"name\":\"Accueil\",\"item\":\"https:\/\/chateaudelarnagol.fr\/\"},{\"@type\":\"ListItem\",\"position\":2,\"name\":\"R\u00e9servation\"}]},{\"@type\":\"WebSite\",\"@id\":\"https:\/\/chateaudelarnagol.fr\/#website\",\"url\":\"https:\/\/chateaudelarnagol.fr\/\",\"name\":\"Ch\u00e2teau de Larnagol |\u00a0Chambres d&#039;H\u00f4tes\",\"description\":\"\",\"potentialAction\":[{\"@type\":\"SearchAction\",\"target\":{\"@type\":\"EntryPoint\",\"urlTemplate\":\"https:\/\/chateaudelarnagol.fr\/?s={search_term_string}\"},\"query-input\":\"required name=search_term_string\"}],\"inLanguage\":\"en-GB\"}]}<\/script>\n<!-- \/ Yoast SEO plugin. -->","yoast_head_json":{"title":"R\u00e9servation - Ch\u00e2teau de Larnagol |\u00a0Chambres d&#039;H\u00f4tes","description":"R\u00e9servation en direct meilleur tarif Ch\u00e2teau de Larnagol, historique class\u00e9 pr\u00e8s de Saint-Cirq-Lapopie.","robots":{"index":"index","follow":"follow","max-snippet":"max-snippet:-1","max-image-preview":"max-image-preview:large","max-video-preview":"max-video-preview:-1"},"canonical":"https:\/\/chateaudelarnagol.fr\/en\/booking\/","og_locale":"en_GB","og_type":"article","og_title":"R\u00e9servation - Ch\u00e2teau de Larnagol |\u00a0Chambres d&#039;H\u00f4tes","og_description":"R\u00e9servation en direct meilleur tarif Ch\u00e2teau de Larnagol, historique class\u00e9 pr\u00e8s de Saint-Cirq-Lapopie.","og_url":"https:\/\/chateaudelarnagol.fr\/en\/booking\/","og_site_name":"Ch\u00e2teau de Larnagol |\u00a0Chambres d&#039;H\u00f4tes","article_modified_time":"2024-09-23T12:50:04+00:00","twitter_card":"summary_large_image","twitter_misc":{"Estimated reading time":"3 minutes"},"schema":{"@context":"https:\/\/schema.org","@graph":[{"@type":"WebPage","@id":"https:\/\/chateaudelarnagol.fr\/reservation\/","url":"https:\/\/chateaudelarnagol.fr\/reservation\/","name":"R\u00e9servation - Ch\u00e2teau de Larnagol |\u00a0Chambres d&#039;H\u00f4tes","isPartOf":{"@id":"https:\/\/chateaudelarnagol.fr\/#website"},"datePublished":"2024-07-15T12:21:09+00:00","dateModified":"2024-09-23T12:50:04+00:00","description":"R\u00e9servation en direct meilleur tarif Ch\u00e2teau de Larnagol, historique class\u00e9 pr\u00e8s de Saint-Cirq-Lapopie.","breadcrumb":{"@id":"https:\/\/chateaudelarnagol.fr\/reservation\/#breadcrumb"},"inLanguage":"en-GB","potentialAction":[{"@type":"ReadAction","target":["https:\/\/chateaudelarnagol.fr\/reservation\/"]}]},{"@type":"BreadcrumbList","@id":"https:\/\/chateaudelarnagol.fr\/reservation\/#breadcrumb","itemListElement":[{"@type":"ListItem","position":1,"name":"Accueil","item":"https:\/\/chateaudelarnagol.fr\/"},{"@type":"ListItem","position":2,"name":"R\u00e9servation"}]},{"@type":"WebSite","@id":"https:\/\/chateaudelarnagol.fr\/#website","url":"https:\/\/chateaudelarnagol.fr\/","name":"Ch\u00e2teau de Larnagol |\u00a0Chambres d&#039;H\u00f4tes","description":"","potentialAction":[{"@type":"SearchAction","target":{"@type":"EntryPoint","urlTemplate":"https:\/\/chateaudelarnagol.fr\/?s={search_term_string}"},"query-input":"required name=search_term_string"}],"inLanguage":"en-GB"}]}},"_links":{"self":[{"href":"https:\/\/chateaudelarnagol.fr\/en\/wp-json\/wp\/v2\/pages\/7294","targetHints":{"allow":["GET"]}}],"collection":[{"href":"https:\/\/chateaudelarnagol.fr\/en\/wp-json\/wp\/v2\/pages"}],"about":[{"href":"https:\/\/chateaudelarnagol.fr\/en\/wp-json\/wp\/v2\/types\/page"}],"author":[{"embeddable":true,"href":"https:\/\/chateaudelarnagol.fr\/en\/wp-json\/wp\/v2\/users\/1"}],"replies":[{"embeddable":true,"href":"https:\/\/chateaudelarnagol.fr\/en\/wp-json\/wp\/v2\/comments?post=7294"}],"version-history":[{"count":29,"href":"https:\/\/chateaudelarnagol.fr\/en\/wp-json\/wp\/v2\/pages\/7294\/revisions"}],"predecessor-version":[{"id":9406,"href":"https:\/\/chateaudelarnagol.fr\/en\/wp-json\/wp\/v2\/pages\/7294\/revisions\/9406"}],"wp:attachment":[{"href":"https:\/\/chateaudelarnagol.fr\/en\/wp-json\/wp\/v2\/media?parent=7294"}],"curies":[{"name":"wp","href":"https:\/\/api.w.org\/{rel}","templated":true}]}}