{"id":8701,"date":"2024-08-29T15:11:43","date_gmt":"2024-08-29T13:11:43","guid":{"rendered":"https:\/\/chateaudelarnagol.fr\/?page_id=8701"},"modified":"2026-02-24T16:45:04","modified_gmt":"2026-02-24T15:45:04","slug":"evenements","status":"publish","type":"page","link":"https:\/\/chateaudelarnagol.fr\/en\/events\/","title":{"rendered":"Events"},"content":{"rendered":"<div data-elementor-type=\"wp-page\" data-elementor-id=\"8701\" class=\"elementor elementor-8701\" data-elementor-post-type=\"page\">\n\t\t\t\t\t\t<section class=\"elementor-section elementor-top-section elementor-element elementor-element-d123964 elementor-section-stretched elementor-section-content-middle elementor-section-boxed elementor-section-height-default elementor-section-height-default\" data-id=\"d123964\" data-element_type=\"section\" data-settings=\"{&quot;stretch_section&quot;:&quot;section-stretched&quot;,&quot;background_background&quot;:&quot;classic&quot;}\">\n\t\t\t\t\t\t\t<div class=\"elementor-background-overlay\"><\/div>\n\t\t\t\t\t\t\t<div class=\"elementor-container elementor-column-gap-default\">\n\t\t\t\t\t<div class=\"elementor-column elementor-col-100 elementor-top-column elementor-element elementor-element-59d3d406\" data-id=\"59d3d406\" data-element_type=\"column\">\n\t\t\t<div class=\"elementor-widget-wrap elementor-element-populated\">\n\t\t\t\t\t\t<div class=\"elementor-element elementor-element-64454227 elementor-widget elementor-widget-heading\" data-id=\"64454227\" data-element_type=\"widget\" data-widget_type=\"heading.default\">\n\t\t\t\t<div class=\"elementor-widget-container\">\n\t\t\t<style>\/*! elementor - v3.23.0 - 05-08-2024 *\/\n.elementor-heading-title{padding:0;margin:0;line-height:1}.elementor-widget-heading .elementor-heading-title[class*=elementor-size-]>a{color:inherit;font-size:inherit;line-height:inherit}.elementor-widget-heading .elementor-heading-title.elementor-size-small{font-size:15px}.elementor-widget-heading .elementor-heading-title.elementor-size-medium{font-size:19px}.elementor-widget-heading .elementor-heading-title.elementor-size-large{font-size:29px}.elementor-widget-heading .elementor-heading-title.elementor-size-xl{font-size:39px}.elementor-widget-heading .elementor-heading-title.elementor-size-xxl{font-size:59px}<\/style><h1 class=\"elementor-heading-title elementor-size-default\">Events<\/h1>\t\t<\/div>\n\t\t\t\t<\/div>\n\t\t\t\t\t<\/div>\n\t\t<\/div>\n\t\t\t\t\t<\/div>\n\t\t<\/section>\n\t\t<div class=\"elementor-element elementor-element-6f4089a e-con-full e-flex e-con e-parent\" data-id=\"6f4089a\" data-element_type=\"container\">\n\t\t\t\t<div class=\"elementor-element elementor-element-9c99003 elementor-widget-divider--view-line_icon elementor-widget-divider--separator-type-pattern elementor-view-default elementor-widget-divider--element-align-center elementor-widget elementor-widget-divider\" data-id=\"9c99003\" data-element_type=\"widget\" data-widget_type=\"divider.default\">\n\t\t\t\t<div class=\"elementor-widget-container\">\n\t\t\t<style>\/*! elementor - v3.23.0 - 05-08-2024 *\/\n.elementor-widget-divider{--divider-border-style:none;--divider-border-width:1px;--divider-color:#0c0d0e;--divider-icon-size:20px;--divider-element-spacing:10px;--divider-pattern-height:24px;--divider-pattern-size:20px;--divider-pattern-url:none;--divider-pattern-repeat:repeat-x}.elementor-widget-divider .elementor-divider{display:flex}.elementor-widget-divider .elementor-divider__text{font-size:15px;line-height:1;max-width:95%}.elementor-widget-divider .elementor-divider__element{margin:0 var(--divider-element-spacing);flex-shrink:0}.elementor-widget-divider .elementor-icon{font-size:var(--divider-icon-size)}.elementor-widget-divider .elementor-divider-separator{display:flex;margin:0;direction:ltr}.elementor-widget-divider--view-line_icon .elementor-divider-separator,.elementor-widget-divider--view-line_text .elementor-divider-separator{align-items:center}.elementor-widget-divider--view-line_icon .elementor-divider-separator:after,.elementor-widget-divider--view-line_icon .elementor-divider-separator:before,.elementor-widget-divider--view-line_text .elementor-divider-separator:after,.elementor-widget-divider--view-line_text .elementor-divider-separator:before{display:block;content:\"\";border-block-end:0;flex-grow:1;border-block-start:var(--divider-border-width) var(--divider-border-style) var(--divider-color)}.elementor-widget-divider--element-align-left .elementor-divider .elementor-divider-separator>.elementor-divider__svg:first-of-type{flex-grow:0;flex-shrink:100}.elementor-widget-divider--element-align-left .elementor-divider-separator:before{content:none}.elementor-widget-divider--element-align-left .elementor-divider__element{margin-left:0}.elementor-widget-divider--element-align-right .elementor-divider .elementor-divider-separator>.elementor-divider__svg:last-of-type{flex-grow:0;flex-shrink:100}.elementor-widget-divider--element-align-right .elementor-divider-separator:after{content:none}.elementor-widget-divider--element-align-right .elementor-divider__element{margin-right:0}.elementor-widget-divider--element-align-start .elementor-divider .elementor-divider-separator>.elementor-divider__svg:first-of-type{flex-grow:0;flex-shrink:100}.elementor-widget-divider--element-align-start .elementor-divider-separator:before{content:none}.elementor-widget-divider--element-align-start .elementor-divider__element{margin-inline-start:0}.elementor-widget-divider--element-align-end .elementor-divider .elementor-divider-separator>.elementor-divider__svg:last-of-type{flex-grow:0;flex-shrink:100}.elementor-widget-divider--element-align-end .elementor-divider-separator:after{content:none}.elementor-widget-divider--element-align-end .elementor-divider__element{margin-inline-end:0}.elementor-widget-divider:not(.elementor-widget-divider--view-line_text):not(.elementor-widget-divider--view-line_icon) .elementor-divider-separator{border-block-start:var(--divider-border-width) var(--divider-border-style) var(--divider-color)}.elementor-widget-divider--separator-type-pattern{--divider-border-style:none}.elementor-widget-divider--separator-type-pattern.elementor-widget-divider--view-line .elementor-divider-separator,.elementor-widget-divider--separator-type-pattern:not(.elementor-widget-divider--view-line) .elementor-divider-separator:after,.elementor-widget-divider--separator-type-pattern:not(.elementor-widget-divider--view-line) .elementor-divider-separator:before,.elementor-widget-divider--separator-type-pattern:not([class*=elementor-widget-divider--view]) .elementor-divider-separator{width:100%;min-height:var(--divider-pattern-height);-webkit-mask-size:var(--divider-pattern-size) 100%;mask-size:var(--divider-pattern-size) 100%;-webkit-mask-repeat:var(--divider-pattern-repeat);mask-repeat:var(--divider-pattern-repeat);background-color:var(--divider-color);-webkit-mask-image:var(--divider-pattern-url);mask-image:var(--divider-pattern-url)}.elementor-widget-divider--no-spacing{--divider-pattern-size:auto}.elementor-widget-divider--bg-round{--divider-pattern-repeat:round}.rtl .elementor-widget-divider .elementor-divider__text{direction:rtl}.e-con-inner>.elementor-widget-divider,.e-con>.elementor-widget-divider{width:var(--container-widget-width,100%);--flex-grow:var(--container-widget-flex-grow)}<\/style>\t\t<div class=\"elementor-divider\" style=\"--divider-pattern-url: url(&quot;data:image\/svg+xml,%3Csvg xmlns=&#039;http:\/\/www.w3.org\/2000\/svg&#039; preserveAspectRatio=&#039;none&#039; overflow=&#039;visible&#039; height=&#039;100%&#039; viewBox=&#039;0 0 20 16&#039; fill=&#039;none&#039; stroke=&#039;black&#039; stroke-width=&#039;1&#039; stroke-linecap=&#039;square&#039; stroke-miterlimit=&#039;10&#039;%3E%3Cg transform=&#039;translate(-12.000000, 0)&#039;%3E%3Cpath d=&#039;M28,0L10,18&#039;\/%3E%3Cpath d=&#039;M18,0L0,18&#039;\/%3E%3Cpath d=&#039;M48,0L30,18&#039;\/%3E%3Cpath d=&#039;M38,0L20,18&#039;\/%3E%3C\/g%3E%3C\/svg%3E&quot;);\">\n\t\t\t<span class=\"elementor-divider-separator\">\n\t\t\t\t\t\t\t<div class=\"elementor-icon elementor-divider__element\">\n\t\t\t\t\t<svg xmlns=\"http:\/\/www.w3.org\/2000\/svg\" viewbox=\"0 0 640 512\"><path d=\"M128 24C128 10.75 138.7 0 152 0H184C197.3 0 208 10.75 208 24V72H232V24C232 10.75 242.7 0 256 0H280C293.3 0 304 10.75 304 24V72H336V24C336 10.75 346.7 0 360 0H384C397.3 0 408 10.75 408 24V72H432V24C432 10.75 442.7 0 456 0H488C501.3 0 512 10.75 512 24V224H560V184C560 170.7 570.7 160 584 160H616C629.3 160 640 170.7 640 184V440C640 479.8 607.8 512 568 512H72C32.24 512 0 479.8 0 440V184C0 170.7 10.75 160 24 160H56C69.25 160 80 170.7 80 184V224H128V24zM72 240C67.58 240 64 236.4 64 232V184C64 179.6 60.42 176 56 176H24C19.58 176 16 179.6 16 184V440C16 470.9 41.07 496 72 496H240V392C240 347.8 275.8 312 320 312C364.2 312 400 347.8 400 392V496H568C598.9 496 624 470.9 624 440V184C624 179.6 620.4 176 616 176H584C579.6 176 576 179.6 576 184V232C576 236.4 572.4 240 568 240H72zM496 24C496 19.58 492.4 16 488 16H456C451.6 16 448 19.58 448 24V80C448 84.42 444.4 88 440 88H400C395.6 88 392 84.42 392 80V24C392 19.58 388.4 16 384 16H360C355.6 16 352 19.58 352 24V80C352 84.42 348.4 88 344 88H296C291.6 88 288 84.42 288 80V24C288 19.58 284.4 16 280 16H256C251.6 16 248 19.58 248 24V80C248 84.42 244.4 88 240 88H200C195.6 88 192 84.42 192 80V24C192 19.58 188.4 16 184 16H152C147.6 16 144 19.58 144 24V224H496V24zM320 328C284.7 328 256 356.7 256 392V496H384V392C384 356.7 355.3 328 320 328z\"><\/path><\/svg><\/div>\n\t\t\t\t\t\t<\/span>\n\t\t<\/div>\n\t\t\t\t<\/div>\n\t\t\t\t<\/div>\n\t\t\t\t<\/div>\n\t\t\t\t<section class=\"elementor-section elementor-top-section elementor-element elementor-element-12487f23 elementor-section-content-middle elementor-section-full_width elementor-reverse-tablet elementor-reverse-mobile elementor-section-height-default elementor-section-height-default\" data-id=\"12487f23\" data-element_type=\"section\">\n\t\t\t\t\t\t<div class=\"elementor-container elementor-column-gap-default\">\n\t\t\t\t\t<div class=\"elementor-column elementor-col-50 elementor-top-column elementor-element elementor-element-7fcd01ec\" data-id=\"7fcd01ec\" data-element_type=\"column\" data-settings=\"{&quot;background_background&quot;:&quot;slideshow&quot;,&quot;background_slideshow_gallery&quot;:[],&quot;background_slideshow_loop&quot;:&quot;yes&quot;,&quot;background_slideshow_slide_duration&quot;:5000,&quot;background_slideshow_slide_transition&quot;:&quot;fade&quot;,&quot;background_slideshow_transition_duration&quot;:500}\">\n\t\t\t<div class=\"elementor-widget-wrap elementor-element-populated\">\n\t\t\t\t\t\t<div class=\"elementor-element elementor-element-085f958 elementor-arrows-position-inside elementor-widget elementor-widget-image-carousel\" data-id=\"085f958\" data-element_type=\"widget\" data-settings=\"{&quot;slides_to_show&quot;:&quot;1&quot;,&quot;navigation&quot;:&quot;arrows&quot;,&quot;autoplay&quot;:&quot;yes&quot;,&quot;pause_on_hover&quot;:&quot;yes&quot;,&quot;pause_on_interaction&quot;:&quot;yes&quot;,&quot;autoplay_speed&quot;:5000,&quot;infinite&quot;:&quot;yes&quot;,&quot;effect&quot;:&quot;slide&quot;,&quot;speed&quot;:500}\" data-widget_type=\"image-carousel.default\">\n\t\t\t\t<div class=\"elementor-widget-container\">\n\t\t\t<style>\/*! elementor - v3.23.0 - 05-08-2024 *\/\n.elementor-widget-image-carousel .swiper,.elementor-widget-image-carousel .swiper-container{position:static}.elementor-widget-image-carousel .swiper-container .swiper-slide figure,.elementor-widget-image-carousel .swiper .swiper-slide figure{line-height:inherit}.elementor-widget-image-carousel .swiper-slide{text-align:center}.elementor-image-carousel-wrapper:not(.swiper-container-initialized):not(.swiper-initialized) .swiper-slide{max-width:calc(100% \/ var(--e-image-carousel-slides-to-show, 3))}<\/style>\t\t<div class=\"elementor-image-carousel-wrapper swiper\" dir=\"ltr\">\n\t\t\t<div class=\"elementor-image-carousel swiper-wrapper swiper-image-stretch\" aria-live=\"off\">\n\t\t\t\t\t\t\t\t<div class=\"swiper-slide\" role=\"group\" aria-roledescription=\"slide\" aria-label=\"1 of 3\"><figure class=\"swiper-slide-inner\"><img decoding=\"async\" class=\"swiper-slide-image\" src=\"https:\/\/chateaudelarnagol.fr\/wp-content\/uploads\/2024\/08\/chateau-de-larnagol-malikaturin-0304-web-1536x1025.jpg\" alt=\"chateau-de-larnagol-malikaturin-0304-web\" \/><\/figure><\/div><div class=\"swiper-slide\" role=\"group\" aria-roledescription=\"slide\" aria-label=\"2 of 3\"><figure class=\"swiper-slide-inner\"><img decoding=\"async\" class=\"swiper-slide-image\" src=\"https:\/\/chateaudelarnagol.fr\/wp-content\/uploads\/2024\/09\/screenshot.jpg\" alt=\"Screenshot\" \/><\/figure><\/div><div class=\"swiper-slide\" role=\"group\" aria-roledescription=\"slide\" aria-label=\"3 of 3\"><figure class=\"swiper-slide-inner\"><img decoding=\"async\" class=\"swiper-slide-image\" src=\"https:\/\/chateaudelarnagol.fr\/wp-content\/uploads\/2024\/09\/photo-pour-bandeau-evenementsmalikaturin-0558-web-1536x1025.jpg\" alt=\"photo-for-banner-eventsmalikaturin-0558-web\" \/><\/figure><\/div>\t\t\t<\/div>\n\t\t\t\t\t\t\t\t\t\t\t\t<div class=\"elementor-swiper-button elementor-swiper-button-prev\" role=\"button\" tabindex=\"0\">\n\t\t\t\t\t\t<svg aria-hidden=\"true\" class=\"e-font-icon-svg e-eicon-chevron-left\" viewbox=\"0 0 1000 1000\" xmlns=\"http:\/\/www.w3.org\/2000\/svg\"><path d=\"M646 125C629 125 613 133 604 142L308 442C296 454 292 471 292 487 292 504 296 521 308 533L604 854C617 867 629 875 646 875 663 875 679 871 692 858 704 846 713 829 713 812 713 796 708 779 692 767L438 487 692 225C700 217 708 204 708 187 708 171 704 154 692 142 675 129 663 125 646 125Z\"><\/path><\/svg>\t\t\t\t\t<\/div>\n\t\t\t\t\t<div class=\"elementor-swiper-button elementor-swiper-button-next\" role=\"button\" tabindex=\"0\">\n\t\t\t\t\t\t<svg aria-hidden=\"true\" class=\"e-font-icon-svg e-eicon-chevron-right\" viewbox=\"0 0 1000 1000\" xmlns=\"http:\/\/www.w3.org\/2000\/svg\"><path d=\"M696 533C708 521 713 504 713 487 713 471 708 454 696 446L400 146C388 133 375 125 354 125 338 125 325 129 313 142 300 154 292 171 292 187 292 204 296 221 308 233L563 492 304 771C292 783 288 800 288 817 288 833 296 850 308 863 321 871 338 875 354 875 371 875 388 867 400 854L696 533Z\"><\/path><\/svg>\t\t\t\t\t<\/div>\n\t\t\t\t\n\t\t\t\t\t\t\t\t\t<\/div>\n\t\t\t\t<\/div>\n\t\t\t\t<\/div>\n\t\t\t\t\t<\/div>\n\t\t<\/div>\n\t\t\t\t<div class=\"elementor-column elementor-col-50 elementor-top-column elementor-element elementor-element-7e035afc\" data-id=\"7e035afc\" data-element_type=\"column\">\n\t\t\t<div class=\"elementor-widget-wrap elementor-element-populated\">\n\t\t\t\t\t\t<div class=\"elementor-element elementor-element-fa11ec2 elementor-widget elementor-widget-heading\" data-id=\"fa11ec2\" data-element_type=\"widget\" data-widget_type=\"heading.default\">\n\t\t\t\t<div class=\"elementor-widget-container\">\n\t\t\t<p class=\"elementor-heading-title elementor-size-default\">The castle of LARNAGOL<\/p>\t\t<\/div>\n\t\t\t\t<\/div>\n\t\t\t\t<div class=\"elementor-element elementor-element-dd94659 elementor-widget elementor-widget-heading\" data-id=\"dd94659\" data-element_type=\"widget\" data-widget_type=\"heading.default\">\n\t\t\t\t<div class=\"elementor-widget-container\">\n\t\t\t<h2 class=\"elementor-heading-title elementor-size-default\">Private spaces for your events<\/h2>\t\t<\/div>\n\t\t\t\t<\/div>\n\t\t\t\t<div class=\"elementor-element elementor-element-451e0eb elementor-widget elementor-widget-text-editor\" data-id=\"451e0eb\" data-element_type=\"widget\" data-widget_type=\"text-editor.default\">\n\t\t\t\t<div class=\"elementor-widget-container\">\n\t\t\t<style>\/*! elementor - v3.23.0 - 05-08-2024 *\/\n.elementor-widget-text-editor.elementor-drop-cap-view-stacked .elementor-drop-cap{background-color:#69727d;color:#fff}.elementor-widget-text-editor.elementor-drop-cap-view-framed .elementor-drop-cap{color:#69727d;border:3px solid;background-color:transparent}.elementor-widget-text-editor:not(.elementor-drop-cap-view-default) .elementor-drop-cap{margin-top:8px}.elementor-widget-text-editor:not(.elementor-drop-cap-view-default) .elementor-drop-cap-letter{width:1em;height:1em}.elementor-widget-text-editor .elementor-drop-cap{float:left;text-align:center;line-height:1;font-size:50px}.elementor-widget-text-editor .elementor-drop-cap-letter{display:inline-block}<\/style>\t\t\t\t<p>F\u00eate d\u2019anniversaire, organisation de f\u00eate familiale, d\u00eener \u00e9l\u00e9gant entre amis, cocktail ou r\u00e9ception dans les jardins, le Ch\u00e2teau de LARNAGOL vous offre un cadre authentique, \u00e9l\u00e9gant et chaleureux.<\/p>\n<p>Its unique character inspires a free choice of indoor and outdoor spaces for your receptions.<\/p>\n<p>For an evening, a day or a weekend, take over one or more spaces, depending on your project and the d\u00e9cor you have in mind.<\/p>\n<p>La salle \u00e0 manger du ch\u00e2teau est le cadre id\u00e9al pour organiser un d\u00eener haut de gamme avec un chef \u00e9toil\u00e9.&nbsp;<\/p><p>Vous pouvez &nbsp;recevoir vos amis ou vos relations d\u2019affaire pour un cocktail dans les jardins ou pr\u00e9voir une r\u00e9union professionnelle ou associative dans l\u2019orangerie\u2026.<\/p>\n<p>Contact us to discuss the possibilities.<\/p>\t\t\t\t\t\t<\/div>\n\t\t\t\t<\/div>\n\t\t\t\t<div class=\"elementor-element elementor-element-7526408 elementor-widget elementor-widget-heading\" data-id=\"7526408\" data-element_type=\"widget\" data-widget_type=\"heading.default\">\n\t\t\t\t<div class=\"elementor-widget-container\">\n\t\t\t<h2 class=\"elementor-heading-title elementor-size-default\">Our events\n<\/h2>\t\t<\/div>\n\t\t\t\t<\/div>\n\t\t\t\t<div class=\"elementor-element elementor-element-af36531 elementor-widget elementor-widget-text-editor\" data-id=\"af36531\" data-element_type=\"widget\" data-widget_type=\"text-editor.default\">\n\t\t\t\t<div class=\"elementor-widget-container\">\n\t\t\t\t\t\t\t<p>We regularly organise events, concerts and, in the near future, exhibitions at the ch\u00e2teau with our institutional partners, associations and friends.<\/p>\t\t\t\t\t\t<\/div>\n\t\t\t\t<\/div>\n\t\t\t\t\t<\/div>\n\t\t<\/div>\n\t\t\t\t\t<\/div>\n\t\t<\/section>\n\t\t<div class=\"elementor-element elementor-element-cfce801 e-con-full e-flex e-con e-parent\" data-id=\"cfce801\" data-element_type=\"container\">\n\t\t\t\t<div class=\"elementor-element elementor-element-2f29ee5 elementor-widget elementor-widget-text-editor\" data-id=\"2f29ee5\" data-element_type=\"widget\" data-widget_type=\"text-editor.default\">\n\t\t\t\t<div class=\"elementor-widget-container\">\n\t\t\t\t\t\t\t<p>In this section, you'll soon be able to find out about all the future events taking place at the ch\u00e2teau.&nbsp;<\/p>\t\t\t\t\t\t<\/div>\n\t\t\t\t<\/div>\n\t\t\t\t<\/div>\n\t\t\t\t<\/div>","protected":false},"excerpt":{"rendered":"<p>Ev\u00e9nements Le ch\u00e2teau de LARNAGOL Privatisation d\u2019espaces pour vos \u00e9v\u00e9nements F\u00eate d\u2019anniversaire, organisation de f\u00eate familiale, d\u00eener \u00e9l\u00e9gant entre amis, cocktail ou r\u00e9ception dans les jardins, le Ch\u00e2teau de LARNAGOL vous offre un cadre authentique, \u00e9l\u00e9gant et chaleureux. Son caract\u00e8re unique inspire une libert\u00e9 de choix d\u2019espaces int\u00e9rieurs ou ext\u00e9rieurs pour accueillir le cadre de [&hellip;]<\/p>","protected":false},"author":1,"featured_media":8703,"parent":0,"menu_order":0,"comment_status":"closed","ping_status":"closed","template":"","meta":{"footnotes":""},"class_list":["post-8701","page","type-page","status-publish","has-post-thumbnail","hentry"],"yoast_head":"<!-- This site is optimized with the Yoast SEO plugin v23.0 - https:\/\/yoast.com\/wordpress\/plugins\/seo\/ -->\n<title>Evenements - Ch\u00e2teau de Larnagol |\u00a0Chambres d&#039;H\u00f4tes<\/title>\n<meta name=\"description\" content=\"Evenements au ch\u00e2teau de Larnagol\" \/>\n<meta name=\"robots\" content=\"index, follow, max-snippet:-1, max-image-preview:large, max-video-preview:-1\" \/>\n<link rel=\"canonical\" href=\"https:\/\/chateaudelarnagol.fr\/en\/events\/\" \/>\n<meta property=\"og:locale\" content=\"en_GB\" \/>\n<meta property=\"og:type\" content=\"article\" \/>\n<meta property=\"og:title\" content=\"Evenements - Ch\u00e2teau de Larnagol |\u00a0Chambres d&#039;H\u00f4tes\" \/>\n<meta property=\"og:description\" content=\"Evenements au ch\u00e2teau de Larnagol\" \/>\n<meta property=\"og:url\" content=\"https:\/\/chateaudelarnagol.fr\/en\/events\/\" \/>\n<meta property=\"og:site_name\" content=\"Ch\u00e2teau de Larnagol |\u00a0Chambres d&#039;H\u00f4tes\" \/>\n<meta property=\"article:modified_time\" content=\"2026-02-24T15:45:04+00:00\" \/>\n<meta property=\"og:image\" content=\"https:\/\/chateaudelarnagol.fr\/wp-content\/uploads\/2024\/08\/chateau-de-larnagol-malikaturin-0304-web.jpg\" \/>\n\t<meta property=\"og:image:width\" content=\"1800\" \/>\n\t<meta property=\"og:image:height\" content=\"1201\" \/>\n\t<meta property=\"og:image:type\" content=\"image\/jpeg\" \/>\n<meta name=\"twitter:card\" content=\"summary_large_image\" \/>\n<meta name=\"twitter:label1\" content=\"Estimated reading time\" \/>\n\t<meta name=\"twitter:data1\" content=\"2 minutes\" \/>\n<script type=\"application\/ld+json\" class=\"yoast-schema-graph\">{\"@context\":\"https:\/\/schema.org\",\"@graph\":[{\"@type\":\"WebPage\",\"@id\":\"https:\/\/chateaudelarnagol.fr\/evenements\/\",\"url\":\"https:\/\/chateaudelarnagol.fr\/evenements\/\",\"name\":\"Evenements - Ch\u00e2teau de Larnagol |\u00a0Chambres d&#039;H\u00f4tes\",\"isPartOf\":{\"@id\":\"https:\/\/chateaudelarnagol.fr\/#website\"},\"primaryImageOfPage\":{\"@id\":\"https:\/\/chateaudelarnagol.fr\/evenements\/#primaryimage\"},\"image\":{\"@id\":\"https:\/\/chateaudelarnagol.fr\/evenements\/#primaryimage\"},\"thumbnailUrl\":\"https:\/\/chateaudelarnagol.fr\/wp-content\/uploads\/2024\/08\/chateau-de-larnagol-malikaturin-0304-web.jpg\",\"datePublished\":\"2024-08-29T13:11:43+00:00\",\"dateModified\":\"2026-02-24T15:45:04+00:00\",\"description\":\"Evenements au ch\u00e2teau de Larnagol\",\"breadcrumb\":{\"@id\":\"https:\/\/chateaudelarnagol.fr\/evenements\/#breadcrumb\"},\"inLanguage\":\"en-GB\",\"potentialAction\":[{\"@type\":\"ReadAction\",\"target\":[\"https:\/\/chateaudelarnagol.fr\/evenements\/\"]}]},{\"@type\":\"ImageObject\",\"inLanguage\":\"en-GB\",\"@id\":\"https:\/\/chateaudelarnagol.fr\/evenements\/#primaryimage\",\"url\":\"https:\/\/chateaudelarnagol.fr\/wp-content\/uploads\/2024\/08\/chateau-de-larnagol-malikaturin-0304-web.jpg\",\"contentUrl\":\"https:\/\/chateaudelarnagol.fr\/wp-content\/uploads\/2024\/08\/chateau-de-larnagol-malikaturin-0304-web.jpg\",\"width\":1800,\"height\":1201},{\"@type\":\"BreadcrumbList\",\"@id\":\"https:\/\/chateaudelarnagol.fr\/evenements\/#breadcrumb\",\"itemListElement\":[{\"@type\":\"ListItem\",\"position\":1,\"name\":\"Accueil\",\"item\":\"https:\/\/chateaudelarnagol.fr\/\"},{\"@type\":\"ListItem\",\"position\":2,\"name\":\"Evenements\"}]},{\"@type\":\"WebSite\",\"@id\":\"https:\/\/chateaudelarnagol.fr\/#website\",\"url\":\"https:\/\/chateaudelarnagol.fr\/\",\"name\":\"Ch\u00e2teau de Larnagol |\u00a0Chambres d&#039;H\u00f4tes\",\"description\":\"\",\"potentialAction\":[{\"@type\":\"SearchAction\",\"target\":{\"@type\":\"EntryPoint\",\"urlTemplate\":\"https:\/\/chateaudelarnagol.fr\/?s={search_term_string}\"},\"query-input\":\"required name=search_term_string\"}],\"inLanguage\":\"en-GB\"}]}<\/script>\n<!-- \/ Yoast SEO plugin. -->","yoast_head_json":{"title":"Evenements - Ch\u00e2teau de Larnagol |\u00a0Chambres d&#039;H\u00f4tes","description":"Evenements au ch\u00e2teau de Larnagol","robots":{"index":"index","follow":"follow","max-snippet":"max-snippet:-1","max-image-preview":"max-image-preview:large","max-video-preview":"max-video-preview:-1"},"canonical":"https:\/\/chateaudelarnagol.fr\/en\/events\/","og_locale":"en_GB","og_type":"article","og_title":"Evenements - Ch\u00e2teau de Larnagol |\u00a0Chambres d&#039;H\u00f4tes","og_description":"Evenements au ch\u00e2teau de Larnagol","og_url":"https:\/\/chateaudelarnagol.fr\/en\/events\/","og_site_name":"Ch\u00e2teau de Larnagol |\u00a0Chambres d&#039;H\u00f4tes","article_modified_time":"2026-02-24T15:45:04+00:00","og_image":[{"width":1800,"height":1201,"url":"https:\/\/chateaudelarnagol.fr\/wp-content\/uploads\/2024\/08\/chateau-de-larnagol-malikaturin-0304-web.jpg","type":"image\/jpeg"}],"twitter_card":"summary_large_image","twitter_misc":{"Estimated reading time":"2 minutes"},"schema":{"@context":"https:\/\/schema.org","@graph":[{"@type":"WebPage","@id":"https:\/\/chateaudelarnagol.fr\/evenements\/","url":"https:\/\/chateaudelarnagol.fr\/evenements\/","name":"Evenements - Ch\u00e2teau de Larnagol |\u00a0Chambres d&#039;H\u00f4tes","isPartOf":{"@id":"https:\/\/chateaudelarnagol.fr\/#website"},"primaryImageOfPage":{"@id":"https:\/\/chateaudelarnagol.fr\/evenements\/#primaryimage"},"image":{"@id":"https:\/\/chateaudelarnagol.fr\/evenements\/#primaryimage"},"thumbnailUrl":"https:\/\/chateaudelarnagol.fr\/wp-content\/uploads\/2024\/08\/chateau-de-larnagol-malikaturin-0304-web.jpg","datePublished":"2024-08-29T13:11:43+00:00","dateModified":"2026-02-24T15:45:04+00:00","description":"Evenements au ch\u00e2teau de Larnagol","breadcrumb":{"@id":"https:\/\/chateaudelarnagol.fr\/evenements\/#breadcrumb"},"inLanguage":"en-GB","potentialAction":[{"@type":"ReadAction","target":["https:\/\/chateaudelarnagol.fr\/evenements\/"]}]},{"@type":"ImageObject","inLanguage":"en-GB","@id":"https:\/\/chateaudelarnagol.fr\/evenements\/#primaryimage","url":"https:\/\/chateaudelarnagol.fr\/wp-content\/uploads\/2024\/08\/chateau-de-larnagol-malikaturin-0304-web.jpg","contentUrl":"https:\/\/chateaudelarnagol.fr\/wp-content\/uploads\/2024\/08\/chateau-de-larnagol-malikaturin-0304-web.jpg","width":1800,"height":1201},{"@type":"BreadcrumbList","@id":"https:\/\/chateaudelarnagol.fr\/evenements\/#breadcrumb","itemListElement":[{"@type":"ListItem","position":1,"name":"Accueil","item":"https:\/\/chateaudelarnagol.fr\/"},{"@type":"ListItem","position":2,"name":"Evenements"}]},{"@type":"WebSite","@id":"https:\/\/chateaudelarnagol.fr\/#website","url":"https:\/\/chateaudelarnagol.fr\/","name":"Ch\u00e2teau de Larnagol |\u00a0Chambres d&#039;H\u00f4tes","description":"","potentialAction":[{"@type":"SearchAction","target":{"@type":"EntryPoint","urlTemplate":"https:\/\/chateaudelarnagol.fr\/?s={search_term_string}"},"query-input":"required name=search_term_string"}],"inLanguage":"en-GB"}]}},"_links":{"self":[{"href":"https:\/\/chateaudelarnagol.fr\/en\/wp-json\/wp\/v2\/pages\/8701","targetHints":{"allow":["GET"]}}],"collection":[{"href":"https:\/\/chateaudelarnagol.fr\/en\/wp-json\/wp\/v2\/pages"}],"about":[{"href":"https:\/\/chateaudelarnagol.fr\/en\/wp-json\/wp\/v2\/types\/page"}],"author":[{"embeddable":true,"href":"https:\/\/chateaudelarnagol.fr\/en\/wp-json\/wp\/v2\/users\/1"}],"replies":[{"embeddable":true,"href":"https:\/\/chateaudelarnagol.fr\/en\/wp-json\/wp\/v2\/comments?post=8701"}],"version-history":[{"count":43,"href":"https:\/\/chateaudelarnagol.fr\/en\/wp-json\/wp\/v2\/pages\/8701\/revisions"}],"predecessor-version":[{"id":9801,"href":"https:\/\/chateaudelarnagol.fr\/en\/wp-json\/wp\/v2\/pages\/8701\/revisions\/9801"}],"wp:featuredmedia":[{"embeddable":true,"href":"https:\/\/chateaudelarnagol.fr\/en\/wp-json\/wp\/v2\/media\/8703"}],"wp:attachment":[{"href":"https:\/\/chateaudelarnagol.fr\/en\/wp-json\/wp\/v2\/media?parent=8701"}],"curies":[{"name":"wp","href":"https:\/\/api.w.org\/{rel}","templated":true}]}}